{"id":256,"date":"2025-03-25T22:57:20","date_gmt":"2025-03-26T01:57:20","guid":{"rendered":"https:\/\/weddingalanapedro.whiteantidote.com\/?page_id=256"},"modified":"2025-03-25T23:14:29","modified_gmt":"2025-03-26T02:14:29","slug":"confirmacao-de-presenca","status":"publish","type":"page","link":"https:\/\/weddingalanapedro.whiteantidote.com\/index.php\/confirmacao-de-presenca\/","title":{"rendered":"Confirma\u00e7\u00e3o de Presen\u00e7a"},"content":{"rendered":"<div class=\"frm_forms  with_frm_style frm_style_estilo-formidable\" id=\"frm_form_2_container\" data-token=\"33041cafb9e4ecb10612666ba15e4ee3\">\n<form enctype=\"multipart\/form-data\" method=\"post\" class=\"frm-show-form \" id=\"form_confirmacao-de-presenca\" data-token=\"33041cafb9e4ecb10612666ba15e4ee3\">\n<div class=\"frm_form_fields \">\n<fieldset>\n<legend class=\"frm_screen_reader\">Confirma\u00e7\u00e3o de Presen\u00e7a<\/legend>\r\n\r\n<div class=\"frm_fields_container\">\n<input type=\"hidden\" name=\"frm_action\" value=\"create\" \/>\n<input type=\"hidden\" name=\"form_id\" value=\"2\" \/>\n<input type=\"hidden\" name=\"frm_hide_fields_2\" id=\"frm_hide_fields_2\" value=\"\" \/>\n<input type=\"hidden\" name=\"form_key\" value=\"confirmacao-de-presenca\" \/>\n<input type=\"hidden\" name=\"item_meta[0]\" value=\"\" \/>\n<input type=\"hidden\" id=\"frm_submit_entry_2\" name=\"frm_submit_entry_2\" value=\"29dc62ddbf\" \/><input type=\"hidden\" name=\"_wp_http_referer\" value=\"\/index.php\/wp-json\/wp\/v2\/pages\/256\" \/><div id=\"frm_field_9_container\" class=\"frm_form_field form-field  frm_required_field frm_top_container frm12 frm_first\">\r\n\t<label for=\"field_quant_conv\" id=\"field_quant_conv_label\" class=\"frm_primary_label\">Quantos convidados ser\u00e3o confirmados?\r\n\t\t<span class=\"frm_required\" aria-hidden=\"true\">*<\/span>\r\n\t<\/label>\r\n\t\t\t<select name=\"item_meta[9]\" id=\"field_quant_conv\"  data-frmval=\"0\" data-reqmsg=\"O Quantos convidados ser\u00e3o confirmados? n\u00e3o pode ficar em branco.\" aria-required=\"true\" data-invmsg=\"Quantos convidados ser\u00e3o confirmados? \u00e9 inv\u00e1lido\" aria-invalid=\"false\"  >\n\t\t<option  value=\"0\" selected='selected'>0<\/option><option  value=\"1\">1<\/option><option  value=\"2\">2<\/option><option  value=\"3\">3<\/option><option  value=\"4\">4<\/option><option  value=\"5\">5<\/option><option  value=\"6\">6<\/option><option  value=\"7\">7<\/option><option  value=\"8\">8<\/option><option  value=\"9\">9<\/option><option  value=\"10\">10<\/option>\t<\/select>\n\t\r\n\t\r\n\t\r\n<\/div>\n<div id=\"frm_field_20_container\" class=\"frm_form_field form-field  frm_top_container\">\r\n\t<label for=\"field_field_nome_confirma_presenca_1\" id=\"field_field_nome_confirma_presenca_1_label\" class=\"frm_primary_label\">Nome\r\n\t\t<span class=\"frm_required\" aria-hidden=\"true\"><\/span>\r\n\t<\/label>\r\n\t<input type=\"text\" id=\"field_field_nome_confirma_presenca_1\" name=\"item_meta[20]\" value=\"\"  data-invmsg=\"Nome \u00e9 inv\u00e1lido\" aria-invalid=\"false\"  \/>\r\n\t\r\n\t\r\n<\/div>\n<div id=\"frm_field_21_container\" class=\"frm_form_field form-field  frm_top_container\">\r\n\t<label for=\"field_field_nome_confirma_presenca_2\" id=\"field_field_nome_confirma_presenca_2_label\" class=\"frm_primary_label\">Nome\r\n\t\t<span class=\"frm_required\" aria-hidden=\"true\"><\/span>\r\n\t<\/label>\r\n\t<input type=\"text\" id=\"field_field_nome_confirma_presenca_2\" name=\"item_meta[21]\" value=\"\"  data-invmsg=\"Nome \u00e9 inv\u00e1lido\" aria-invalid=\"false\"  \/>\r\n\t\r\n\t\r\n<\/div>\n<div id=\"frm_field_22_container\" class=\"frm_form_field form-field  frm_top_container\">\r\n\t<label for=\"field_field_nome_confirma_presenca_3\" id=\"field_field_nome_confirma_presenca_3_label\" class=\"frm_primary_label\">Nome\r\n\t\t<span class=\"frm_required\" aria-hidden=\"true\"><\/span>\r\n\t<\/label>\r\n\t<input type=\"text\" id=\"field_field_nome_confirma_presenca_3\" name=\"item_meta[22]\" value=\"\"  data-invmsg=\"Nome \u00e9 inv\u00e1lido\" aria-invalid=\"false\"  \/>\r\n\t\r\n\t\r\n<\/div>\n<div id=\"frm_field_23_container\" class=\"frm_form_field form-field  frm_top_container\">\r\n\t<label for=\"field_field_nome_confirma_presenca_4\" id=\"field_field_nome_confirma_presenca_4_label\" class=\"frm_primary_label\">Nome\r\n\t\t<span class=\"frm_required\" aria-hidden=\"true\"><\/span>\r\n\t<\/label>\r\n\t<input type=\"text\" id=\"field_field_nome_confirma_presenca_4\" name=\"item_meta[23]\" value=\"\"  data-invmsg=\"Nome \u00e9 inv\u00e1lido\" aria-invalid=\"false\"  \/>\r\n\t\r\n\t\r\n<\/div>\n<div id=\"frm_field_25_container\" class=\"frm_form_field form-field  frm_top_container\">\r\n\t<label for=\"field_field_nome_confirma_presenca_5\" id=\"field_field_nome_confirma_presenca_5_label\" class=\"frm_primary_label\">Nome\r\n\t\t<span class=\"frm_required\" aria-hidden=\"true\"><\/span>\r\n\t<\/label>\r\n\t<input type=\"text\" id=\"field_field_nome_confirma_presenca_5\" name=\"item_meta[25]\" value=\"\"  data-invmsg=\"Nome \u00e9 inv\u00e1lido\" aria-invalid=\"false\"  \/>\r\n\t\r\n\t\r\n<\/div>\n<div id=\"frm_field_24_container\" class=\"frm_form_field form-field  frm_top_container\">\r\n\t<label for=\"field_field_nome_confirma_presenca_6\" id=\"field_field_nome_confirma_presenca_6_label\" class=\"frm_primary_label\">Nome\r\n\t\t<span class=\"frm_required\" aria-hidden=\"true\"><\/span>\r\n\t<\/label>\r\n\t<input type=\"text\" id=\"field_field_nome_confirma_presenca_6\" name=\"item_meta[24]\" value=\"\"  data-invmsg=\"Nome \u00e9 inv\u00e1lido\" aria-invalid=\"false\"  \/>\r\n\t\r\n\t\r\n<\/div>\n<div id=\"frm_field_26_container\" class=\"frm_form_field form-field  frm_top_container\">\r\n\t<label for=\"field_field_nome_confirma_presenca_7\" id=\"field_field_nome_confirma_presenca_7_label\" class=\"frm_primary_label\">Nome\r\n\t\t<span class=\"frm_required\" aria-hidden=\"true\"><\/span>\r\n\t<\/label>\r\n\t<input type=\"text\" id=\"field_field_nome_confirma_presenca_7\" name=\"item_meta[26]\" value=\"\"  data-invmsg=\"Nome \u00e9 inv\u00e1lido\" aria-invalid=\"false\"  \/>\r\n\t\r\n\t\r\n<\/div>\n<div id=\"frm_field_27_container\" class=\"frm_form_field form-field  frm_top_container\">\r\n\t<label for=\"field_field_nome_confirma_presenca_8\" id=\"field_field_nome_confirma_presenca_8_label\" class=\"frm_primary_label\">Nome\r\n\t\t<span class=\"frm_required\" aria-hidden=\"true\"><\/span>\r\n\t<\/label>\r\n\t<input type=\"text\" id=\"field_field_nome_confirma_presenca_8\" name=\"item_meta[27]\" value=\"\"  data-invmsg=\"Nome \u00e9 inv\u00e1lido\" aria-invalid=\"false\"  \/>\r\n\t\r\n\t\r\n<\/div>\n<div id=\"frm_field_28_container\" class=\"frm_form_field form-field  frm_top_container\">\r\n\t<label for=\"field_field_nome_confirma_presenca_9\" id=\"field_field_nome_confirma_presenca_9_label\" class=\"frm_primary_label\">Nome\r\n\t\t<span class=\"frm_required\" aria-hidden=\"true\"><\/span>\r\n\t<\/label>\r\n\t<input type=\"text\" id=\"field_field_nome_confirma_presenca_9\" name=\"item_meta[28]\" value=\"\"  data-invmsg=\"Nome \u00e9 inv\u00e1lido\" aria-invalid=\"false\"  \/>\r\n\t\r\n\t\r\n<\/div>\n<div id=\"frm_field_29_container\" class=\"frm_form_field form-field  frm_top_container\">\r\n\t<label for=\"field_field_nome_confirma_presenca_10\" id=\"field_field_nome_confirma_presenca_10_label\" class=\"frm_primary_label\">Nome\r\n\t\t<span class=\"frm_required\" aria-hidden=\"true\"><\/span>\r\n\t<\/label>\r\n\t<input type=\"text\" id=\"field_field_nome_confirma_presenca_10\" name=\"item_meta[29]\" value=\"\"  data-invmsg=\"Nome \u00e9 inv\u00e1lido\" aria-invalid=\"false\"  \/>\r\n\t\r\n\t\r\n<\/div>\n<div id=\"frm_field_8_container\" class=\"frm_form_field form-field  frm_required_field frm_top_container vertical_radio\">\r\n\t<div  id=\"field_confirma_presenca_label\" class=\"frm_primary_label\">Voc\u00ea vai nos prestigiar comparecendo ao nosso casamento?\r\n\t\t<span class=\"frm_required\" aria-hidden=\"true\">*<\/span>\r\n\t<\/div>\r\n\t<div class=\"frm_opt_container\" aria-labelledby=\"field_confirma_presenca_label\" role=\"radiogroup\" aria-required=\"true\">\t\t<div class=\"frm_radio\" id=\"frm_radio_8-0\">\t\t\t<label  for=\"field_confirma_presenca-0\">\n\t\t\t\t\t<input type=\"radio\" name=\"item_meta[8]\" id=\"field_confirma_presenca-0\" value=\"Com certeza! A gente se v\u00ea l\u00e1 :)\"\n\t\t   data-reqmsg=\"O Voc\u00ea vai nos prestigiar comparecendo ao nosso casamento? n\u00e3o pode ficar em branco.\" data-invmsg=\"Voc\u00ea vai nos prestigiar comparecendo ao nosso casamento? \u00e9 inv\u00e1lido\" aria-invalid=\"false\"  \/> Com certeza! A gente se v\u00ea l\u00e1 \ud83d\ude42<\/label><\/div>\n\t\t<div class=\"frm_radio\" id=\"frm_radio_8-1\">\t\t\t<label  for=\"field_confirma_presenca-1\">\n\t\t\t\t\t<input type=\"radio\" name=\"item_meta[8]\" id=\"field_confirma_presenca-1\" value=\"Infelizmente n\u00e3o :(\"\n\t\t   data-reqmsg=\"O Voc\u00ea vai nos prestigiar comparecendo ao nosso casamento? n\u00e3o pode ficar em branco.\" data-invmsg=\"Voc\u00ea vai nos prestigiar comparecendo ao nosso casamento? \u00e9 inv\u00e1lido\" aria-invalid=\"false\"  \/> Infelizmente n\u00e3o \ud83d\ude41<\/label><\/div>\n<\/div>\r\n\t\r\n\t\r\n<\/div>\n<div id=\"frm_field_6_container\" class=\"frm_form_field form-field \">\r\n\t<div class=\"frm_submit frm_flex\">\r\n<button class=\"frm_button_submit\" type=\"submit\"  >Enviar<\/button>\r\n\r\n\r\n\r\n<\/div>\r\n<\/div>\n\t<input type=\"hidden\" name=\"item_key\" value=\"\" \/>\n\t\t\t\t<div class=\"frm__67e35ff6aa5e7\">\n\t\t\t\t<label for=\"frm_email_2\" >\n\t\t\t\t\tSe voc\u00ea \u00e9 humano, deixe este campo em branco.\t\t\t\t<\/label>\n\t\t\t\t<input  id=\"frm_email_2\" type=\"text\" class=\"frm_verify\" name=\"frm__67e35ff6aa5e7\" value=\"\" autocomplete=\"off\"  \/>\n\t\t\t<\/div>\n\t\t<\/div>\n<\/fieldset>\n<\/div>\n\n<\/form>\n<\/div>","protected":false},"excerpt":{"rendered":"","protected":false},"author":1,"featured_media":0,"parent":0,"menu_order":0,"comment_status":"closed","ping_status":"closed","template":"","meta":{"footnotes":""},"class_list":["post-256","page","type-page","status-publish","hentry"],"blocksy_meta":[],"_links":{"self":[{"href":"https:\/\/weddingalanapedro.whiteantidote.com\/index.php\/wp-json\/wp\/v2\/pages\/256","targetHints":{"allow":["GET"]}}],"collection":[{"href":"https:\/\/weddingalanapedro.whiteantidote.com\/index.php\/wp-json\/wp\/v2\/pages"}],"about":[{"href":"https:\/\/weddingalanapedro.whiteantidote.com\/index.php\/wp-json\/wp\/v2\/types\/page"}],"author":[{"embeddable":true,"href":"https:\/\/weddingalanapedro.whiteantidote.com\/index.php\/wp-json\/wp\/v2\/users\/1"}],"replies":[{"embeddable":true,"href":"https:\/\/weddingalanapedro.whiteantidote.com\/index.php\/wp-json\/wp\/v2\/comments?post=256"}],"version-history":[{"count":2,"href":"https:\/\/weddingalanapedro.whiteantidote.com\/index.php\/wp-json\/wp\/v2\/pages\/256\/revisions"}],"predecessor-version":[{"id":264,"href":"https:\/\/weddingalanapedro.whiteantidote.com\/index.php\/wp-json\/wp\/v2\/pages\/256\/revisions\/264"}],"wp:attachment":[{"href":"https:\/\/weddingalanapedro.whiteantidote.com\/index.php\/wp-json\/wp\/v2\/media?parent=256"}],"curies":[{"name":"wp","href":"https:\/\/api.w.org\/{rel}","templated":true}]}}