{"id":121,"date":"2025-03-17T00:37:19","date_gmt":"2025-03-17T03:37:19","guid":{"rendered":"https:\/\/weddingalanapedro.whiteantidote.com\/?post_type=product&#038;p=121"},"modified":"2025-03-30T17:22:40","modified_gmt":"2025-03-30T20:22:40","slug":"ticket-para-levar-seu-pirralho-para-o-casamento","status":"publish","type":"product","link":"https:\/\/weddingalanapedro.whiteantidote.com\/index.php\/produto\/ticket-para-levar-seu-pirralho-para-o-casamento\/","title":{"rendered":"Indagar os noivos sobre quando vem os filhos"},"content":{"rendered":"<p style=\"text-align: center;\">Que tal motivar os noivos a ter filhos, ou melhor, &#8220;b\u00ean\u00e7\u00e3os de Deus&#8221;, em suas vidas?<\/p>\n","protected":false},"excerpt":{"rendered":"<p><center><br \/>\n<a href=\"https:\/\/nubank.com.br\/cobrar\/23of7\/67d8ccae-0884-494d-babf-6c245635accb\" target=\"_blank\"><br \/>\n<span style=\"text-decoration: underline; color: blue;\">Pague com PIX!<\/span><br \/>\n<\/a><br \/>\n<\/center><br \/>\n<img loading=\"lazy\" decoding=\"async\" class=\"alignnone size-full wp-image-157 aligncenter\" src=\"https:\/\/weddingalanapedro.whiteantidote.com\/wp-content\/uploads\/2025\/03\/pix120-clean.jpg\" alt=\"\" width=\"177\" height=\"176\" \/><\/p>\n","protected":false},"featured_media":365,"template":"","meta":[],"product_brand":[],"product_cat":[23],"product_tag":[],"class_list":{"0":"post-121","1":"product","2":"type-product","3":"status-publish","4":"has-post-thumbnail","6":"product_cat-presentes","8":"first","9":"instock","10":"virtual","11":"purchasable","12":"product-type-simple"},"_links":{"self":[{"href":"https:\/\/weddingalanapedro.whiteantidote.com\/index.php\/wp-json\/wp\/v2\/product\/121","targetHints":{"allow":["GET"]}}],"collection":[{"href":"https:\/\/weddingalanapedro.whiteantidote.com\/index.php\/wp-json\/wp\/v2\/product"}],"about":[{"href":"https:\/\/weddingalanapedro.whiteantidote.com\/index.php\/wp-json\/wp\/v2\/types\/product"}],"wp:featuredmedia":[{"embeddable":true,"href":"https:\/\/weddingalanapedro.whiteantidote.com\/index.php\/wp-json\/wp\/v2\/media\/365"}],"wp:attachment":[{"href":"https:\/\/weddingalanapedro.whiteantidote.com\/index.php\/wp-json\/wp\/v2\/media?parent=121"}],"wp:term":[{"taxonomy":"product_brand","embeddable":true,"href":"https:\/\/weddingalanapedro.whiteantidote.com\/index.php\/wp-json\/wp\/v2\/product_brand?post=121"},{"taxonomy":"product_cat","embeddable":true,"href":"https:\/\/weddingalanapedro.whiteantidote.com\/index.php\/wp-json\/wp\/v2\/product_cat?post=121"},{"taxonomy":"product_tag","embeddable":true,"href":"https:\/\/weddingalanapedro.whiteantidote.com\/index.php\/wp-json\/wp\/v2\/product_tag?post=121"}],"curies":[{"name":"wp","href":"https:\/\/api.w.org\/{rel}","templated":true}]}}