{"id":191,"date":"2025-03-17T23:36:34","date_gmt":"2025-03-18T02:36:34","guid":{"rendered":"https:\/\/weddingalanapedro.whiteantidote.com\/?post_type=product&#038;p=191"},"modified":"2025-04-20T16:14:32","modified_gmt":"2025-04-20T19:14:32","slug":"ticket-para-convidado-convidar","status":"publish","type":"product","link":"https:\/\/weddingalanapedro.whiteantidote.com\/index.php\/produto\/ticket-para-convidado-convidar\/","title":{"rendered":"Ticket para convidado convidar"},"content":{"rendered":"<p>Como dizem que convidado n\u00e3o convida, compra esse ticket e ganhe o direito de convidar! Mas s\u00f3 pode convidar quem j\u00e1 estiver na lista de convidados.<\/p>\n","protected":false},"excerpt":{"rendered":"<p><center><a href=\"https:\/\/nubank.com.br\/cobrar\/29pom\/68054628-66eb-4e9f-8f5e-191057577b15\" target=\"_blank\" rel=\"noopener\"><span style=\"text-decoration: underline; color: blue;\">Pague com PIX!<\/span><\/a><\/center><center><\/center><center><img loading=\"lazy\" decoding=\"async\" class=\"alignnone size-full wp-image-370\" src=\"https:\/\/weddingalanapedro.whiteantidote.com\/wp-content\/uploads\/2025\/03\/pix-3000.png\" alt=\"\" width=\"174\" height=\"174\" \/><\/center><\/p>\n","protected":false},"featured_media":367,"template":"","meta":[],"product_brand":[],"product_cat":[23],"product_tag":[],"class_list":{"0":"post-191","1":"product","2":"type-product","3":"status-publish","4":"has-post-thumbnail","6":"product_cat-presentes","8":"first","9":"instock","10":"virtual","11":"purchasable","12":"product-type-simple"},"_links":{"self":[{"href":"https:\/\/weddingalanapedro.whiteantidote.com\/index.php\/wp-json\/wp\/v2\/product\/191","targetHints":{"allow":["GET"]}}],"collection":[{"href":"https:\/\/weddingalanapedro.whiteantidote.com\/index.php\/wp-json\/wp\/v2\/product"}],"about":[{"href":"https:\/\/weddingalanapedro.whiteantidote.com\/index.php\/wp-json\/wp\/v2\/types\/product"}],"wp:featuredmedia":[{"embeddable":true,"href":"https:\/\/weddingalanapedro.whiteantidote.com\/index.php\/wp-json\/wp\/v2\/media\/367"}],"wp:attachment":[{"href":"https:\/\/weddingalanapedro.whiteantidote.com\/index.php\/wp-json\/wp\/v2\/media?parent=191"}],"wp:term":[{"taxonomy":"product_brand","embeddable":true,"href":"https:\/\/weddingalanapedro.whiteantidote.com\/index.php\/wp-json\/wp\/v2\/product_brand?post=191"},{"taxonomy":"product_cat","embeddable":true,"href":"https:\/\/weddingalanapedro.whiteantidote.com\/index.php\/wp-json\/wp\/v2\/product_cat?post=191"},{"taxonomy":"product_tag","embeddable":true,"href":"https:\/\/weddingalanapedro.whiteantidote.com\/index.php\/wp-json\/wp\/v2\/product_tag?post=191"}],"curies":[{"name":"wp","href":"https:\/\/api.w.org\/{rel}","templated":true}]}}