{"id":240,"date":"2025-03-18T11:44:29","date_gmt":"2025-03-18T14:44:29","guid":{"rendered":"https:\/\/weddingalanapedro.whiteantidote.com\/?post_type=product&#038;p=240"},"modified":"2025-04-20T16:05:46","modified_gmt":"2025-04-20T19:05:46","slug":"subornar-a-noiva-pra-nao-jogar-o-buque-na-sua-namorada","status":"publish","type":"product","link":"https:\/\/weddingalanapedro.whiteantidote.com\/index.php\/produto\/subornar-a-noiva-pra-nao-jogar-o-buque-na-sua-namorada\/","title":{"rendered":"Subornar a noiva pra n\u00e3o jogar o buqu\u00ea na sua namorada"},"content":{"rendered":"<p>As vezes um bom acordo \u00e9 melhor que uma longa demanda, ent\u00e3o vale a pena o investimento!<\/p>\n","protected":false},"excerpt":{"rendered":"<p><center><br \/>\n<a href=\"https:\/\/nubank.com.br\/cobrar\/23of7\/67d8ce3a-d55a-41d4-b461-9fe007c9f01a\" target=\"_blank\"><br \/>\n<span style=\"text-decoration: underline; color: blue;\">Pague com PIX!<\/span><br \/>\n<\/a><br \/>\n<\/center><br \/>\n<img loading=\"lazy\" decoding=\"async\" class=\"alignnone size-full wp-image-157 aligncenter\" src=\"https:\/\/weddingalanapedro.whiteantidote.com\/wp-content\/uploads\/2025\/03\/pix80-clean.jpg\" alt=\"\" width=\"177\" height=\"176\" \/><\/p>\n","protected":false},"featured_media":241,"template":"","meta":[],"product_brand":[],"product_cat":[23],"product_tag":[],"class_list":{"0":"post-240","1":"product","2":"type-product","3":"status-publish","4":"has-post-thumbnail","6":"product_cat-presentes","8":"first","9":"instock","10":"virtual","11":"purchasable","12":"product-type-simple"},"_links":{"self":[{"href":"https:\/\/weddingalanapedro.whiteantidote.com\/index.php\/wp-json\/wp\/v2\/product\/240","targetHints":{"allow":["GET"]}}],"collection":[{"href":"https:\/\/weddingalanapedro.whiteantidote.com\/index.php\/wp-json\/wp\/v2\/product"}],"about":[{"href":"https:\/\/weddingalanapedro.whiteantidote.com\/index.php\/wp-json\/wp\/v2\/types\/product"}],"wp:featuredmedia":[{"embeddable":true,"href":"https:\/\/weddingalanapedro.whiteantidote.com\/index.php\/wp-json\/wp\/v2\/media\/241"}],"wp:attachment":[{"href":"https:\/\/weddingalanapedro.whiteantidote.com\/index.php\/wp-json\/wp\/v2\/media?parent=240"}],"wp:term":[{"taxonomy":"product_brand","embeddable":true,"href":"https:\/\/weddingalanapedro.whiteantidote.com\/index.php\/wp-json\/wp\/v2\/product_brand?post=240"},{"taxonomy":"product_cat","embeddable":true,"href":"https:\/\/weddingalanapedro.whiteantidote.com\/index.php\/wp-json\/wp\/v2\/product_cat?post=240"},{"taxonomy":"product_tag","embeddable":true,"href":"https:\/\/weddingalanapedro.whiteantidote.com\/index.php\/wp-json\/wp\/v2\/product_tag?post=240"}],"curies":[{"name":"wp","href":"https:\/\/api.w.org\/{rel}","templated":true}]}}