{"id":382,"date":"2025-03-30T18:01:20","date_gmt":"2025-03-30T21:01:20","guid":{"rendered":"https:\/\/weddingalanapedro.whiteantidote.com\/?post_type=product&#038;p=382"},"modified":"2025-03-30T18:04:39","modified_gmt":"2025-03-30T21:04:39","slug":"capacete-para-proteger-o-noivo-do-rolo-de-macarrao","status":"publish","type":"product","link":"https:\/\/weddingalanapedro.whiteantidote.com\/index.php\/produto\/capacete-para-proteger-o-noivo-do-rolo-de-macarrao\/","title":{"rendered":"Capacete para proteger o noivo do rolo de macarr\u00e3o"},"content":{"rendered":"<p>Sabe como \u00e9, n\u00e9?<\/p>\n","protected":false},"excerpt":{"rendered":"<p><center><br \/>\n<a href=\"https:\/\/nubank.com.br\/cobrar\/23of7\/67e9af63-aee0-4dae-b4af-ee032bd460cd\" target=\"_blank\"><br \/>\n<span style=\"text-decoration: underline; color: blue;\">Pague com PIX!<\/span><br \/>\n<\/a><br \/>\n<\/center><br \/>\n<img loading=\"lazy\" decoding=\"async\" class=\"alignnone size-full wp-image-157 aligncenter\" src=\"https:\/\/weddingalanapedro.whiteantidote.com\/wp-content\/uploads\/2025\/03\/pix199-99.jpg\" alt=\"\" width=\"177\" height=\"176\" \/><\/p>\n","protected":false},"featured_media":385,"template":"","meta":[],"product_brand":[],"product_cat":[23],"product_tag":[],"class_list":{"0":"post-382","1":"product","2":"type-product","3":"status-publish","4":"has-post-thumbnail","6":"product_cat-presentes","8":"first","9":"instock","10":"virtual","11":"purchasable","12":"product-type-simple"},"_links":{"self":[{"href":"https:\/\/weddingalanapedro.whiteantidote.com\/index.php\/wp-json\/wp\/v2\/product\/382","targetHints":{"allow":["GET"]}}],"collection":[{"href":"https:\/\/weddingalanapedro.whiteantidote.com\/index.php\/wp-json\/wp\/v2\/product"}],"about":[{"href":"https:\/\/weddingalanapedro.whiteantidote.com\/index.php\/wp-json\/wp\/v2\/types\/product"}],"wp:featuredmedia":[{"embeddable":true,"href":"https:\/\/weddingalanapedro.whiteantidote.com\/index.php\/wp-json\/wp\/v2\/media\/385"}],"wp:attachment":[{"href":"https:\/\/weddingalanapedro.whiteantidote.com\/index.php\/wp-json\/wp\/v2\/media?parent=382"}],"wp:term":[{"taxonomy":"product_brand","embeddable":true,"href":"https:\/\/weddingalanapedro.whiteantidote.com\/index.php\/wp-json\/wp\/v2\/product_brand?post=382"},{"taxonomy":"product_cat","embeddable":true,"href":"https:\/\/weddingalanapedro.whiteantidote.com\/index.php\/wp-json\/wp\/v2\/product_cat?post=382"},{"taxonomy":"product_tag","embeddable":true,"href":"https:\/\/weddingalanapedro.whiteantidote.com\/index.php\/wp-json\/wp\/v2\/product_tag?post=382"}],"curies":[{"name":"wp","href":"https:\/\/api.w.org\/{rel}","templated":true}]}}