{"id":398,"date":"2025-04-01T21:18:55","date_gmt":"2025-04-02T00:18:55","guid":{"rendered":"https:\/\/weddingalanapedro.whiteantidote.com\/?post_type=product&#038;p=398"},"modified":"2025-04-01T21:19:35","modified_gmt":"2025-04-02T00:19:35","slug":"ir-para-a-lua-de-mel-com-os-noivos","status":"publish","type":"product","link":"https:\/\/weddingalanapedro.whiteantidote.com\/index.php\/produto\/ir-para-a-lua-de-mel-com-os-noivos\/","title":{"rendered":"Ir para a lua de mel com os noivos"},"content":{"rendered":"<p>Mas \u00e9 claro que os noivos querem que voc\u00ea v\u00e1 com eles!<\/p>\n","protected":false},"excerpt":{"rendered":"<p><center><br \/>\n<a href=\"https:\/\/nubank.com.br\/cobrar\/29pom\/67ec7d3d-5a42-4e82-b7b6-6aa43c3e0425\" target=\"_blank\"><br \/>\n<span style=\"text-decoration: underline; color: blue;\">Pague com PIX!<\/span><br \/>\n<\/a><br \/>\n<\/center><br \/>\n<img loading=\"lazy\" decoding=\"async\" class=\"alignnone size-full wp-image-157 aligncenter\" src=\"https:\/\/weddingalanapedro.whiteantidote.com\/wp-content\/uploads\/2025\/04\/pix2000-alana.jpg\" alt=\"\" width=\"177\" height=\"176\" \/><\/p>\n","protected":false},"featured_media":399,"template":"","meta":[],"product_brand":[],"product_cat":[23],"product_tag":[],"class_list":{"0":"post-398","1":"product","2":"type-product","3":"status-publish","4":"has-post-thumbnail","6":"product_cat-presentes","8":"first","9":"instock","10":"virtual","11":"purchasable","12":"product-type-simple"},"_links":{"self":[{"href":"https:\/\/weddingalanapedro.whiteantidote.com\/index.php\/wp-json\/wp\/v2\/product\/398","targetHints":{"allow":["GET"]}}],"collection":[{"href":"https:\/\/weddingalanapedro.whiteantidote.com\/index.php\/wp-json\/wp\/v2\/product"}],"about":[{"href":"https:\/\/weddingalanapedro.whiteantidote.com\/index.php\/wp-json\/wp\/v2\/types\/product"}],"wp:featuredmedia":[{"embeddable":true,"href":"https:\/\/weddingalanapedro.whiteantidote.com\/index.php\/wp-json\/wp\/v2\/media\/399"}],"wp:attachment":[{"href":"https:\/\/weddingalanapedro.whiteantidote.com\/index.php\/wp-json\/wp\/v2\/media?parent=398"}],"wp:term":[{"taxonomy":"product_brand","embeddable":true,"href":"https:\/\/weddingalanapedro.whiteantidote.com\/index.php\/wp-json\/wp\/v2\/product_brand?post=398"},{"taxonomy":"product_cat","embeddable":true,"href":"https:\/\/weddingalanapedro.whiteantidote.com\/index.php\/wp-json\/wp\/v2\/product_cat?post=398"},{"taxonomy":"product_tag","embeddable":true,"href":"https:\/\/weddingalanapedro.whiteantidote.com\/index.php\/wp-json\/wp\/v2\/product_tag?post=398"}],"curies":[{"name":"wp","href":"https:\/\/api.w.org\/{rel}","templated":true}]}}