{"id":404,"date":"2025-04-01T21:32:21","date_gmt":"2025-04-02T00:32:21","guid":{"rendered":"https:\/\/weddingalanapedro.whiteantidote.com\/?post_type=product&#038;p=404"},"modified":"2025-04-01T21:32:22","modified_gmt":"2025-04-02T00:32:22","slug":"pra-nao-dizer-que-nao-dei-nada","status":"publish","type":"product","link":"https:\/\/weddingalanapedro.whiteantidote.com\/index.php\/produto\/pra-nao-dizer-que-nao-dei-nada\/","title":{"rendered":"Pra n\u00e3o dizer que n\u00e3o dei nada"},"content":{"rendered":"<p>Dizem que a gente d\u00e1 o que \u00e9 de melhor da gente, n\u00e9?<\/p>\n","protected":false},"excerpt":{"rendered":"<p><center><br \/>\n<a href=\"https:\/\/nubank.com.br\/cobrar\/29pom\/67ec7cde-c71f-4195-b39a-f3dee25a0b1c\" target=\"_blank\"><br \/>\n<span style=\"text-decoration: underline; color: blue;\">Pague com PIX!<\/span><br \/>\n<\/a><br \/>\n<\/center><br \/>\n<img loading=\"lazy\" decoding=\"async\" class=\"alignnone size-full wp-image-157 aligncenter\" src=\"https:\/\/weddingalanapedro.whiteantidote.com\/wp-content\/uploads\/2025\/04\/pix50-alana.jpg\" alt=\"\" width=\"177\" height=\"176\" \/><\/p>\n","protected":false},"featured_media":405,"template":"","meta":[],"product_brand":[],"product_cat":[23],"product_tag":[],"class_list":{"0":"post-404","1":"product","2":"type-product","3":"status-publish","4":"has-post-thumbnail","6":"product_cat-presentes","8":"first","9":"instock","10":"virtual","11":"purchasable","12":"product-type-simple"},"_links":{"self":[{"href":"https:\/\/weddingalanapedro.whiteantidote.com\/index.php\/wp-json\/wp\/v2\/product\/404","targetHints":{"allow":["GET"]}}],"collection":[{"href":"https:\/\/weddingalanapedro.whiteantidote.com\/index.php\/wp-json\/wp\/v2\/product"}],"about":[{"href":"https:\/\/weddingalanapedro.whiteantidote.com\/index.php\/wp-json\/wp\/v2\/types\/product"}],"wp:featuredmedia":[{"embeddable":true,"href":"https:\/\/weddingalanapedro.whiteantidote.com\/index.php\/wp-json\/wp\/v2\/media\/405"}],"wp:attachment":[{"href":"https:\/\/weddingalanapedro.whiteantidote.com\/index.php\/wp-json\/wp\/v2\/media?parent=404"}],"wp:term":[{"taxonomy":"product_brand","embeddable":true,"href":"https:\/\/weddingalanapedro.whiteantidote.com\/index.php\/wp-json\/wp\/v2\/product_brand?post=404"},{"taxonomy":"product_cat","embeddable":true,"href":"https:\/\/weddingalanapedro.whiteantidote.com\/index.php\/wp-json\/wp\/v2\/product_cat?post=404"},{"taxonomy":"product_tag","embeddable":true,"href":"https:\/\/weddingalanapedro.whiteantidote.com\/index.php\/wp-json\/wp\/v2\/product_tag?post=404"}],"curies":[{"name":"wp","href":"https:\/\/api.w.org\/{rel}","templated":true}]}}